{"id":2821,"date":"2025-11-19T13:57:02","date_gmt":"2025-11-19T13:57:02","guid":{"rendered":"https:\/\/childx.se\/?page_id=2821"},"modified":"2025-11-19T13:57:02","modified_gmt":"2025-11-19T13:57:02","slug":"communication-practice-2","status":"publish","type":"page","link":"https:\/\/childx.se\/en\/job-vacancies\/communication-practice-2\/","title":{"rendered":"Communication practice"},"content":{"rendered":"<section class=\"relative mb-10 min-h-[200px] container-wrapper max-h-[500px] h-[60vw]\">\n                    <picture class=\"w-full brightness-50 h-full\"><img loading=\"lazy\" decoding=\"async\" src=\"https:\/\/images.ohmyhosting.se\/JZQPMDlSxGMArs8LQj-xNDlVWXc=\/1281x500\/smart\/filters:quality(85)\/https%3A%2F%2Fchildx.se%2Fwp-content%2Fuploads%2F2025%2F04%2Fjob-vacancies-1.png\" srcset=\"https:\/\/images.ohmyhosting.se\/JZQPMDlSxGMArs8LQj-xNDlVWXc=\/1281x500\/smart\/filters:quality(85)\/https%3A%2F%2Fchildx.se%2Fwp-content%2Fuploads%2F2025%2F04%2Fjob-vacancies-1.png 1x, https:\/\/images.ohmyhosting.se\/1JlAvb_W0-qbDZ9aNjlUmdK05Z8=\/2562x1000\/smart\/filters:quality(85)\/https%3A%2F%2Fchildx.se%2Fwp-content%2Fuploads%2F2025%2F04%2Fjob-vacancies-1.png 2x\" alt=\"\" class=\"w-full absolute inset-0 object-cover object-center h-full w-full\" height=\"500\" width=\"1281\" \/><\/picture>\n                        <div class=\"absolute flex items-end pt-6 inset-0 container-wrapper content-wrapper pb-6\">\n\n            <h1 class=\"px-2 uppercase font-childx text-4xl md:text-6xl text-white\">Communication practice<\/h1>\n        <\/div>\n    <\/section><section class=\"content-wrapper container-wrapper wysiwyg-content\"><div class=\"content-block\">\n<p class=\"sub-title\">Vill du anv\u00e4nda din expertis inom kommunikation och insamling i arbetet f\u00f6r ett samh\u00e4lle fritt fr\u00e5n alla former av sexuell exploatering av barn?<\/p>\n<p class=\"sub-title\">Kommunikations- och insamlingschef \u00e4r en nyckelroll d\u00e4r du formar och leder ChildX kommunikations- och insamlingsarbete. Du kommer att implementera en ny strategi f\u00f6r att bredda v\u00e5r finansiering fr\u00e5n privatpersoner, stora givare och stiftelser. Samtidigt f\u00e5r du bygga v\u00e5rt varum\u00e4rke l\u00e5ngsiktigt och skapa kampanjer som ber\u00f6r, engagerar och f\u00f6r\u00e4ndrar. Vi s\u00f6ker en senior och operativ ledare som oms\u00e4tter strategi till handling och resultat.<\/p>\n<p>&nbsp;<\/p>\n<\/div>\n<div class=\"content-block\">\n<div class=\"description\">\n<p><strong>Ditt anst\u00e4llningserbjudande<\/strong><\/p>\n<p>Som chef p\u00e5 ChildX f\u00e5r du en roll d\u00e4r du f\u00e5r v\u00e4xa tillsammans med organisationen. Vi erbjuder friskv\u00e5rdsbidrag och kollektivavtal. Du arbetar flexibelt med m\u00f6jlighet att jobba hemifr\u00e5n. Vi v\u00e4rdes\u00e4tter din personliga utveckling och str\u00e4var efter ett tryggt och h\u00e5llbart arbetsklimat. Hos oss blir du en del av ett kompetent och drivande team med tydlig riktning. Startdatum \u00e4r flexibelt, men tilltr\u00e4de runt \u00e5rsskiftet \u00e4r \u00f6nskv\u00e4rt.<\/p>\n<p><strong>Ditt uppdrag och dina ansvarsomr\u00e5den<\/strong><\/p>\n<p>Som kommunikations- och insamlingschef har du en nyckelroll i ChildX ledningsgrupp och rapporterar direkt till generalsekreteraren. Ditt \u00f6vergripande uppdrag \u00e4r att leda och strategiskt utveckla v\u00e5rt kommunikations- och insamlingsarbete. Du skapar och implementerar strategier som bygger starka relationer, engagerar v\u00e5ra m\u00e5lgrupper och inspirerar till handling. Ett centralt fokus \u00e4r att bredda v\u00e5r finansiering genom ett relationsbyggande insamlingsarbete gentemot privatpersoner och stora givare.<\/p>\n<ul>\n<li data-list=\"bullet\">Personalansvar f\u00f6r medarbetare inom insamling- och kommunikation.<\/li>\n<li data-list=\"bullet\">Ansvar f\u00f6r uppsatta m\u00e5l inom insamling och kommunikation, budgetm\u00e5l, konvertering och givarlojalitet.<\/li>\n<li data-list=\"bullet\">S\u00e4kerst\u00e4ller att all kommunikation och insamling \u00e4r sammanh\u00e4ngande, datadriven och m\u00e5lgruppsanpassad.<\/li>\n<li data-list=\"bullet\">Samarbetar med generalsekreteraren i fr\u00e5gor kring synlighet, positionering och st\u00f6rre partnerskap.<\/li>\n<li data-list=\"bullet\">Jobbar n\u00e4ra p\u00e5verkansansvarig f\u00f6r att s\u00e4kerst\u00e4lla att kommunikation och insamling g\u00e5r hand i hand med opinionsbildning.<\/li>\n<li data-list=\"bullet\">Utvecklar strategier f\u00f6r att bredda finansiering med fokus p\u00e5 medel fr\u00e5n privatpersoner och stora givare.<\/li>\n<li data-list=\"bullet\">Utvecklar och driver strategier f\u00f6r relationsarbete med st\u00f6rre givare, filantroper och ChildX ambassad\u00f6rer tillsammans med generalsekreterare.<\/li>\n<li data-list=\"bullet\">Kvalitetss\u00e4krar st\u00f6rre ans\u00f6kningar och rapporter tillsammans med Utvecklings- &amp; innovationschef.<\/li>\n<li data-list=\"bullet\">Utvecklar, implementerar och driver ChildX:s strategier f\u00f6r extern kommunikation, kampanj och varum\u00e4rkesbyggande.<\/li>\n<li data-list=\"bullet\">\u00d6vergripande ansvar f\u00f6r ChildX:s medierelationer, strategisk storytelling och effektiv kriskommunikation.<\/li>\n<li data-list=\"bullet\">Leder pressarbetet, inklusive framtagande och distribution av pressmeddelanden, samt agerar organisationens prim\u00e4ra mediakontakt.<\/li>\n<\/ul>\n<p><strong>Din profil<\/strong><\/p>\n<p>F\u00f6r att lyckas i rollen ser vi att du \u00e4r en trygg och resultatinriktad ledare som brinner f\u00f6r att kombinera strategi med operativt genomf\u00f6rande.<\/p>\n<p><strong>Kvalifikationer<\/strong><\/p>\n<ul>\n<li data-list=\"bullet\">Relevant universitets- eller h\u00f6gskoleexamen inom marknadsf\u00f6ring\/kommunikation eller motsvarande erfarenhet.<\/li>\n<li data-list=\"bullet\">Du har en dokumenterad historik av att som ledare framg\u00e5ngsrikt driva tillv\u00e4xt och uppsatta m\u00e5l inom insamling och kommunikation.<\/li>\n<li data-list=\"bullet\">Bred erfarenhet av att utveckla och implementera kommunikationsinsatser samt datadriven insamling.<\/li>\n<li data-list=\"bullet\">Dokumenterad erfarenhet av insamlingsarbete: strategi, kampanjer, m\u00e5lgruppsanalys och resultatuppf\u00f6ljning.<\/li>\n<li data-list=\"bullet\">Erfarenhet av digital fundraising, CRM-system och marketing automation.<\/li>\n<li data-list=\"bullet\">Dokumenterad erfarenhet av arbetsledning och personalfr\u00e5gor.<\/li>\n<li data-list=\"bullet\">Mycket god f\u00f6rm\u00e5ga i svenska och engelska, skriftligt och muntligt.<\/li>\n<\/ul>\n<p><strong>Meriterande<\/strong><\/p>\n<ul>\n<li data-list=\"bullet\">Utbildning och kurser inom insamling, filantropi, givarkommunikation eller digitala kampanjer<\/li>\n<li data-list=\"bullet\">Befintligt n\u00e4tverk inom press, n\u00e4ringsliv eller filantropi.<\/li>\n<li data-list=\"bullet\">Erfarenhet av opinionsbildning kopplat till kommunikation och insamling.<\/li>\n<li data-list=\"bullet\">Erfarenhet av arbete med fr\u00e5gor som r\u00f6r v\u00e5ld, sexuell exploatering, barnr\u00e4tt eller m\u00e4nskliga r\u00e4ttigheter.<\/li>\n<\/ul>\n<p><strong>Personliga egenskaper<\/strong><\/p>\n<ul>\n<li data-list=\"bullet\"><strong>Fram\u00e5tlutad:<\/strong> Du \u00e4r nyfiken, v\u00e5gar testa nya id\u00e9er f\u00f6r att driva organisationen fram\u00e5t. Du trivs med att forma nya arbetss\u00e4tt.<\/li>\n<li data-list=\"bullet\"><strong>Ansvarstagande:<\/strong> Du tar ett tydligt \u00e4garskap f\u00f6r ditt arbete, driver processer fr\u00e5n start till m\u00e5l och levererar med struktur och kvalitet.<\/li>\n<li data-list=\"bullet\"><strong>Samarbetsorienterad:<\/strong> Du \u00e4r en relationsbyggare som skapar starka band b\u00e5de internt och externt, med en global utblick.<\/li>\n<\/ul>\n<p><strong>\u00c4r du den vi s\u00f6ker?<\/strong><\/p>\n<p>Vi ser fram emot din ans\u00f6kan!<\/p>\n<p>Skicka ditt CV och personliga brev till\u00a0<a title=\"mailto:sara@childx.se\" href=\"mailto:sara@childx.se\" data-linkindex=\"0\">sara@childx.se<\/a> senast den 31 oktober 2025. Urval sker l\u00f6pande, s\u00e5 v\u00e4nta inte med din ans\u00f6kan. Har du fr\u00e5gor om tj\u00e4nsten \u00e4r du v\u00e4lkommen att kontakta Sara Hugosson, operativ chef p\u00e5\u00a0<a title=\"mailto:sara@childx.se\" href=\"mailto:sara@childx.se\" data-linkindex=\"1\">sara@childx.se<\/a>\u00a0eller 070-730 46 67.<\/p>\n<p><strong>Skicka ans\u00f6kan till:<\/strong> <a href=\"mailto:sara@childx.se\">sara@childx.se<\/a><\/p>\n<\/div>\n<\/div>\n<\/section>\n","protected":false},"excerpt":{"rendered":"","protected":false},"author":2,"featured_media":0,"parent":1429,"menu_order":0,"comment_status":"closed","ping_status":"closed","template":"","meta":{"_acf_changed":false,"footnotes":""},"class_list":["post-2821","page","type-page","status-publish","hentry"],"acf":[],"yoast_head":"<!-- This site is optimized with the Yoast SEO plugin v27.5 - https:\/\/yoast.com\/product\/yoast-seo-wordpress\/ -->\n<title>Communication practice - childx<\/title>\n<meta name=\"robots\" content=\"index, follow, max-snippet:-1, max-image-preview:large, max-video-preview:-1\" \/>\n<link rel=\"canonical\" href=\"https:\/\/childx.se\/en\/job-vacancies\/communication-practice-2\/\" \/>\n<meta property=\"og:locale\" content=\"en_US\" \/>\n<meta property=\"og:type\" content=\"article\" \/>\n<meta property=\"og:title\" content=\"Communication practice - childx\" \/>\n<meta property=\"og:url\" content=\"https:\/\/childx.se\/en\/job-vacancies\/communication-practice-2\/\" \/>\n<meta property=\"og:site_name\" content=\"childx\" \/>\n<meta name=\"twitter:card\" content=\"summary_large_image\" \/>\n<script type=\"application\/ld+json\" class=\"yoast-schema-graph\">{\"@context\":\"https:\\\/\\\/schema.org\",\"@graph\":[{\"@type\":\"WebPage\",\"@id\":\"https:\\\/\\\/childx.se\\\/en\\\/job-vacancies\\\/communication-practice-2\\\/\",\"url\":\"https:\\\/\\\/childx.se\\\/en\\\/job-vacancies\\\/communication-practice-2\\\/\",\"name\":\"Communication practice - childx\",\"isPartOf\":{\"@id\":\"https:\\\/\\\/childx.se\\\/en\\\/#website\"},\"datePublished\":\"2025-11-19T13:57:02+00:00\",\"breadcrumb\":{\"@id\":\"https:\\\/\\\/childx.se\\\/en\\\/job-vacancies\\\/communication-practice-2\\\/#breadcrumb\"},\"inLanguage\":\"en-US\",\"potentialAction\":[{\"@type\":\"ReadAction\",\"target\":[\"https:\\\/\\\/childx.se\\\/en\\\/job-vacancies\\\/communication-practice-2\\\/\"]}]},{\"@type\":\"BreadcrumbList\",\"@id\":\"https:\\\/\\\/childx.se\\\/en\\\/job-vacancies\\\/communication-practice-2\\\/#breadcrumb\",\"itemListElement\":[{\"@type\":\"ListItem\",\"position\":1,\"name\":\"Home\",\"item\":\"https:\\\/\\\/childx.se\\\/en\\\/\"},{\"@type\":\"ListItem\",\"position\":2,\"name\":\"Communication practice\"}]},{\"@type\":\"WebSite\",\"@id\":\"https:\\\/\\\/childx.se\\\/en\\\/#website\",\"url\":\"https:\\\/\\\/childx.se\\\/en\\\/\",\"name\":\"childx\",\"description\":\"\",\"potentialAction\":[{\"@type\":\"SearchAction\",\"target\":{\"@type\":\"EntryPoint\",\"urlTemplate\":\"https:\\\/\\\/childx.se\\\/en\\\/?s={search_term_string}\"},\"query-input\":{\"@type\":\"PropertyValueSpecification\",\"valueRequired\":true,\"valueName\":\"search_term_string\"}}],\"inLanguage\":\"en-US\"}]}<\/script>\n<!-- \/ Yoast SEO plugin. -->","yoast_head_json":{"title":"Communication practice - childx","robots":{"index":"index","follow":"follow","max-snippet":"max-snippet:-1","max-image-preview":"max-image-preview:large","max-video-preview":"max-video-preview:-1"},"canonical":"https:\/\/childx.se\/en\/job-vacancies\/communication-practice-2\/","og_locale":"en_US","og_type":"article","og_title":"Communication practice - childx","og_url":"https:\/\/childx.se\/en\/job-vacancies\/communication-practice-2\/","og_site_name":"childx","twitter_card":"summary_large_image","schema":{"@context":"https:\/\/schema.org","@graph":[{"@type":"WebPage","@id":"https:\/\/childx.se\/en\/job-vacancies\/communication-practice-2\/","url":"https:\/\/childx.se\/en\/job-vacancies\/communication-practice-2\/","name":"Communication practice - childx","isPartOf":{"@id":"https:\/\/childx.se\/en\/#website"},"datePublished":"2025-11-19T13:57:02+00:00","breadcrumb":{"@id":"https:\/\/childx.se\/en\/job-vacancies\/communication-practice-2\/#breadcrumb"},"inLanguage":"en-US","potentialAction":[{"@type":"ReadAction","target":["https:\/\/childx.se\/en\/job-vacancies\/communication-practice-2\/"]}]},{"@type":"BreadcrumbList","@id":"https:\/\/childx.se\/en\/job-vacancies\/communication-practice-2\/#breadcrumb","itemListElement":[{"@type":"ListItem","position":1,"name":"Home","item":"https:\/\/childx.se\/en\/"},{"@type":"ListItem","position":2,"name":"Communication practice"}]},{"@type":"WebSite","@id":"https:\/\/childx.se\/en\/#website","url":"https:\/\/childx.se\/en\/","name":"childx","description":"","potentialAction":[{"@type":"SearchAction","target":{"@type":"EntryPoint","urlTemplate":"https:\/\/childx.se\/en\/?s={search_term_string}"},"query-input":{"@type":"PropertyValueSpecification","valueRequired":true,"valueName":"search_term_string"}}],"inLanguage":"en-US"}]}},"_links":{"self":[{"href":"https:\/\/childx.se\/en\/wp-json\/wp\/v2\/pages\/2821","targetHints":{"allow":["GET"]}}],"collection":[{"href":"https:\/\/childx.se\/en\/wp-json\/wp\/v2\/pages"}],"about":[{"href":"https:\/\/childx.se\/en\/wp-json\/wp\/v2\/types\/page"}],"author":[{"embeddable":true,"href":"https:\/\/childx.se\/en\/wp-json\/wp\/v2\/users\/2"}],"replies":[{"embeddable":true,"href":"https:\/\/childx.se\/en\/wp-json\/wp\/v2\/comments?post=2821"}],"version-history":[{"count":1,"href":"https:\/\/childx.se\/en\/wp-json\/wp\/v2\/pages\/2821\/revisions"}],"predecessor-version":[{"id":2822,"href":"https:\/\/childx.se\/en\/wp-json\/wp\/v2\/pages\/2821\/revisions\/2822"}],"up":[{"embeddable":true,"href":"https:\/\/childx.se\/en\/wp-json\/wp\/v2\/pages\/1429"}],"wp:attachment":[{"href":"https:\/\/childx.se\/en\/wp-json\/wp\/v2\/media?parent=2821"}],"curies":[{"name":"wp","href":"https:\/\/api.w.org\/{rel}","templated":true}]}}