{"id":2759,"date":"2025-10-30T07:48:17","date_gmt":"2025-10-30T07:48:17","guid":{"rendered":"https:\/\/childx.se\/?page_id=2759"},"modified":"2025-10-30T07:48:17","modified_gmt":"2025-10-30T07:48:17","slug":"more-than-survivors-3","status":"publish","type":"page","link":"https:\/\/childx.se\/en\/more-than-survivors-3\/","title":{"rendered":"More than survivors"},"content":{"rendered":"<section class=\"relative mb-10 min-h-[200px] container-wrapper max-h-[500px] h-[60vw]\">\n                    <picture class=\"w-full brightness-50 h-full\"><img loading=\"lazy\" decoding=\"async\" src=\"https:\/\/images.ohmyhosting.se\/Yb59g2ylsZ2Z_DD041lOmic9JGM=\/2400x1600\/smart\/filters:quality(85)\/https%3A%2F%2Fchildx.se%2Fwp-content%2Fuploads%2F2025%2F04%2FchildX_meran_overlevare.jpg\" srcset=\"https:\/\/images.ohmyhosting.se\/Yb59g2ylsZ2Z_DD041lOmic9JGM=\/2400x1600\/smart\/filters:quality(85)\/https%3A%2F%2Fchildx.se%2Fwp-content%2Fuploads%2F2025%2F04%2FchildX_meran_overlevare.jpg 1x, https:\/\/images.ohmyhosting.se\/qY5kFXWFGNzFTchIu85pBLiGsK4=\/4800x3200\/smart\/filters:quality(85)\/https%3A%2F%2Fchildx.se%2Fwp-content%2Fuploads%2F2025%2F04%2FchildX_meran_overlevare.jpg 2x\" alt=\"\" class=\"w-full absolute inset-0 object-cover object-center h-full w-full\" height=\"1600\" width=\"2400\" \/><\/picture>\n                        <div class=\"absolute flex items-end pt-6 inset-0 container-wrapper content-wrapper pb-6\">\n\n            <h1 class=\"px-2 uppercase font-childx text-4xl md:text-6xl text-white\">More than survivors<\/h1>\n        <\/div>\n    <\/section><section class=\"content-wrapper container-wrapper wysiwyg-content\"><p>&#8220;Det \u00e4r v\u00e4ldigt lockande i b\u00f6rjan&#8230;&#8221; \u00e4r ett kommande projekt som ChildX driver med st\u00f6d av <strong><a href=\"https:\/\/jamstalldhetsmyndigheten.se\/sok-statsbidrag\/organisationer-som-har-fatt-statsbidrag\/?subsidy=J\u00e4mst\u00e4lldhetsprojekt&amp;year=2025&amp;isoLang=sv-SE&amp;limit=10&amp;page=0\">J\u00e4mst\u00e4lldhetsmyndigheten<\/a><\/strong>. Projektet adresserar en v\u00e4xande samh\u00e4llsutmaning med nya arenor f\u00f6r exploatering av barns och kvinnors kroppar och d\u00e4r traditionella metoder f\u00f6r f\u00f6rebyggande arbete beh\u00f6ver kompletteras.<\/p>\n<p>Projektet ska utveckla och implementera nya metoder f\u00f6r att motverka normaliseringen av exploatering, med s\u00e4rskilt fokus p\u00e5 ungas digitala milj\u00f6er. Arbetet utg\u00e5r fr\u00e5n r\u00e5dande samh\u00e4llsnormer och maktstrukturer, i syfte att st\u00e4rka ungas kritiska t\u00e4nkande och motst\u00e5ndskraft mot destruktiva budskap \u2013 i en tid d\u00e4r f\u00f6rest\u00e4llningen om att kroppar kan k\u00f6pas sprids allt snabbare.<\/p>\n<p>Projektet sker i n\u00e4ra samverkan med <strong>Meta<\/strong>, <strong>TikTok<\/strong>, <strong>Snapchat<\/strong>, <strong><a href=\"https:\/\/fryshuset.se\">Fryshuset<\/a><\/strong> och<strong><a href=\"https:\/\/www.ri.se\/sv\/shic\"> Social Health and Impact Center<\/a><\/strong> (SHIC) som \u00e4r en oberoende kunskapsplattform fr\u00e5n <strong>RISE Forskningsinstitut<\/strong>, f\u00f6r att utveckla en baslinje samt ett ramverk f\u00f6r effektm\u00e4tning av projektets kort- och l\u00e5ngsiktiga m\u00e5l samt kontinuerligt utv\u00e4rdera under projektets g\u00e5ng.<\/p>\n<p>Nu har vi en enk\u00e4t ute, d\u00e4r vi tillsammans med Fryshuset vill unders\u00f6ka hur unga 15-19 \u00e5r ser p\u00e5 normaliseringen av sexuell exploatering online. Enk\u00e4ten ligger p\u00e5 <a href=\"http:\/\/www.ungdomar.se\">ungdomar.se<\/a><\/p>\n<p><a class=\"button button-primary button-yellow\" href=\"https:\/\/sv.surveymonkey.com\/r\/childX_fryshuset\">Sen enk\u00e4ten h\u00e4r\u00a0<\/a><\/p>\n<\/section>\n","protected":false},"excerpt":{"rendered":"","protected":false},"author":2,"featured_media":0,"parent":0,"menu_order":0,"comment_status":"closed","ping_status":"closed","template":"","meta":{"_acf_changed":false,"footnotes":""},"class_list":["post-2759","page","type-page","status-publish","hentry"],"acf":[],"yoast_head":"<!-- This site is optimized with the Yoast SEO plugin v27.4 - https:\/\/yoast.com\/product\/yoast-seo-wordpress\/ -->\n<title>More than survivors - childx<\/title>\n<meta name=\"robots\" content=\"index, follow, max-snippet:-1, max-image-preview:large, max-video-preview:-1\" \/>\n<link rel=\"canonical\" href=\"https:\/\/childx.se\/en\/more-than-survivors-3\/\" \/>\n<meta property=\"og:locale\" content=\"en_US\" \/>\n<meta property=\"og:type\" content=\"article\" \/>\n<meta property=\"og:title\" content=\"More than survivors - childx\" \/>\n<meta property=\"og:url\" content=\"https:\/\/childx.se\/en\/more-than-survivors-3\/\" \/>\n<meta property=\"og:site_name\" content=\"childx\" \/>\n<meta name=\"twitter:card\" content=\"summary_large_image\" \/>\n<script type=\"application\/ld+json\" class=\"yoast-schema-graph\">{\"@context\":\"https:\\\/\\\/schema.org\",\"@graph\":[{\"@type\":\"WebPage\",\"@id\":\"https:\\\/\\\/childx.se\\\/en\\\/more-than-survivors-3\\\/\",\"url\":\"https:\\\/\\\/childx.se\\\/en\\\/more-than-survivors-3\\\/\",\"name\":\"More than survivors - childx\",\"isPartOf\":{\"@id\":\"https:\\\/\\\/childx.se\\\/en\\\/#website\"},\"datePublished\":\"2025-10-30T07:48:17+00:00\",\"breadcrumb\":{\"@id\":\"https:\\\/\\\/childx.se\\\/en\\\/more-than-survivors-3\\\/#breadcrumb\"},\"inLanguage\":\"en-US\",\"potentialAction\":[{\"@type\":\"ReadAction\",\"target\":[\"https:\\\/\\\/childx.se\\\/en\\\/more-than-survivors-3\\\/\"]}]},{\"@type\":\"BreadcrumbList\",\"@id\":\"https:\\\/\\\/childx.se\\\/en\\\/more-than-survivors-3\\\/#breadcrumb\",\"itemListElement\":[{\"@type\":\"ListItem\",\"position\":1,\"name\":\"Home\",\"item\":\"https:\\\/\\\/childx.se\\\/en\\\/\"},{\"@type\":\"ListItem\",\"position\":2,\"name\":\"More than survivors\"}]},{\"@type\":\"WebSite\",\"@id\":\"https:\\\/\\\/childx.se\\\/en\\\/#website\",\"url\":\"https:\\\/\\\/childx.se\\\/en\\\/\",\"name\":\"childx\",\"description\":\"\",\"potentialAction\":[{\"@type\":\"SearchAction\",\"target\":{\"@type\":\"EntryPoint\",\"urlTemplate\":\"https:\\\/\\\/childx.se\\\/en\\\/?s={search_term_string}\"},\"query-input\":{\"@type\":\"PropertyValueSpecification\",\"valueRequired\":true,\"valueName\":\"search_term_string\"}}],\"inLanguage\":\"en-US\"}]}<\/script>\n<!-- \/ Yoast SEO plugin. -->","yoast_head_json":{"title":"More than survivors - childx","robots":{"index":"index","follow":"follow","max-snippet":"max-snippet:-1","max-image-preview":"max-image-preview:large","max-video-preview":"max-video-preview:-1"},"canonical":"https:\/\/childx.se\/en\/more-than-survivors-3\/","og_locale":"en_US","og_type":"article","og_title":"More than survivors - childx","og_url":"https:\/\/childx.se\/en\/more-than-survivors-3\/","og_site_name":"childx","twitter_card":"summary_large_image","schema":{"@context":"https:\/\/schema.org","@graph":[{"@type":"WebPage","@id":"https:\/\/childx.se\/en\/more-than-survivors-3\/","url":"https:\/\/childx.se\/en\/more-than-survivors-3\/","name":"More than survivors - childx","isPartOf":{"@id":"https:\/\/childx.se\/en\/#website"},"datePublished":"2025-10-30T07:48:17+00:00","breadcrumb":{"@id":"https:\/\/childx.se\/en\/more-than-survivors-3\/#breadcrumb"},"inLanguage":"en-US","potentialAction":[{"@type":"ReadAction","target":["https:\/\/childx.se\/en\/more-than-survivors-3\/"]}]},{"@type":"BreadcrumbList","@id":"https:\/\/childx.se\/en\/more-than-survivors-3\/#breadcrumb","itemListElement":[{"@type":"ListItem","position":1,"name":"Home","item":"https:\/\/childx.se\/en\/"},{"@type":"ListItem","position":2,"name":"More than survivors"}]},{"@type":"WebSite","@id":"https:\/\/childx.se\/en\/#website","url":"https:\/\/childx.se\/en\/","name":"childx","description":"","potentialAction":[{"@type":"SearchAction","target":{"@type":"EntryPoint","urlTemplate":"https:\/\/childx.se\/en\/?s={search_term_string}"},"query-input":{"@type":"PropertyValueSpecification","valueRequired":true,"valueName":"search_term_string"}}],"inLanguage":"en-US"}]}},"_links":{"self":[{"href":"https:\/\/childx.se\/en\/wp-json\/wp\/v2\/pages\/2759","targetHints":{"allow":["GET"]}}],"collection":[{"href":"https:\/\/childx.se\/en\/wp-json\/wp\/v2\/pages"}],"about":[{"href":"https:\/\/childx.se\/en\/wp-json\/wp\/v2\/types\/page"}],"author":[{"embeddable":true,"href":"https:\/\/childx.se\/en\/wp-json\/wp\/v2\/users\/2"}],"replies":[{"embeddable":true,"href":"https:\/\/childx.se\/en\/wp-json\/wp\/v2\/comments?post=2759"}],"version-history":[{"count":1,"href":"https:\/\/childx.se\/en\/wp-json\/wp\/v2\/pages\/2759\/revisions"}],"predecessor-version":[{"id":2760,"href":"https:\/\/childx.se\/en\/wp-json\/wp\/v2\/pages\/2759\/revisions\/2760"}],"wp:attachment":[{"href":"https:\/\/childx.se\/en\/wp-json\/wp\/v2\/media?parent=2759"}],"curies":[{"name":"wp","href":"https:\/\/api.w.org\/{rel}","templated":true}]}}