{"id":1413,"date":"2025-04-09T13:22:06","date_gmt":"2025-04-09T13:22:06","guid":{"rendered":"https:\/\/childx.se\/conference-2024\/"},"modified":"2025-04-16T07:56:13","modified_gmt":"2025-04-16T07:56:13","slug":"conference-2024","status":"publish","type":"page","link":"https:\/\/childx.se\/en\/conference-2024\/","title":{"rendered":"Conference 2024"},"content":{"rendered":"<section class=\"relative mb-10 min-h-[200px] container-wrapper max-h-[500px] h-[60vw]\">\n                    <picture class=\"w-full brightness-50 h-full\"><img loading=\"lazy\" decoding=\"async\" src=\"https:\/\/images.ohmyhosting.se\/XuFhrCxLVVmtITiABG16btPMs6E=\/1024x576\/smart\/filters:quality(85)\/https%3A%2F%2Fchildx.se%2Fwp-content%2Fuploads%2F2025%2F04%2Fmaxim-header-1024x576-1.jpg\" srcset=\"https:\/\/images.ohmyhosting.se\/XuFhrCxLVVmtITiABG16btPMs6E=\/1024x576\/smart\/filters:quality(85)\/https%3A%2F%2Fchildx.se%2Fwp-content%2Fuploads%2F2025%2F04%2Fmaxim-header-1024x576-1.jpg 1x, https:\/\/images.ohmyhosting.se\/LdjI4YZG8mOh6PmW3gUjp37NxAo=\/2048x1152\/smart\/filters:quality(85)\/https%3A%2F%2Fchildx.se%2Fwp-content%2Fuploads%2F2025%2F04%2Fmaxim-header-1024x576-1.jpg 2x\" alt=\"\" class=\"w-full absolute inset-0 object-cover object-center h-full w-full\" height=\"576\" width=\"1024\" \/><\/picture>\n                        <div class=\"absolute flex items-end pt-6 inset-0 container-wrapper content-wrapper pb-6\">\n\n            <h1 class=\"px-2 uppercase font-childx text-4xl md:text-6xl text-white\">Conference 2024<\/h1>\n        <\/div>\n    <\/section><section class=\"content-wrapper container-wrapper wysiwyg-content\"><h2>Lectures<\/h2>\n<p><b>In November 2024, ChildX, with the support of Novahuset, Ellencentret and Realstars, organized our second national conference. The focus of the day was the identification of children and young people who are victims of sexual exploitation.<\/b><br \/>\nHere you can find all the lectures from the conference. Two of the lectures are in English, and the others in Swedish.<\/p>\n<p>Note! To view this content, you may need to accept cookies. <\/p>\n<p><iframe loading=\"lazy\" title=\"How do we create a safe space in contact with victims of child sexual abuse and exploitation?\" width=\"500\" height=\"281\" src=\"https:\/\/www.youtube.com\/embed\/V4eI5BLqoXg?list=PLsJgFI6kgF6z3Fx022upoCHKU4QDyCUML\" frameborder=\"0\" allow=\"accelerometer; autoplay; clipboard-write; encrypted-media; gyroscope; picture-in-picture; web-share\" referrerpolicy=\"strict-origin-when-cross-origin\" allowfullscreen><\/iframe><\/p>\n<p><b>Wanjiku Kaime<\/b> is a Kenyan-Swedish senior researcher and lecturer at the Department of Psychology and Social Work at Mid Sweden University. Her research aims to study, understand and untangle the factors that interact to produce vulnerability and disadvantage in children and youth. This presentation explores the challenges and ethical considerations involved in talking with vulnerable children as part of researching child sexual exploitation and abuse.  <\/p>\n<p>&nbsp;<\/p>\n<p><span data-mce-type=\"bookmark\" style=\"display: inline-block; width: 0px; overflow: hidden; line-height: 0;\" class=\"mce_SELRES_start\"><\/span><br \/>\n<iframe loading=\"lazy\" title=\"Identifiera flera: Ett projekt f\u00f6r att f\u00f6rebygga och uppt\u00e4cka sexuellt utnyttjande mot ers\u00e4ttning\" width=\"500\" height=\"281\" src=\"https:\/\/www.youtube.com\/embed\/lX4peuqBdCI?list=PLsJgFI6kgF6z3Fx022upoCHKU4QDyCUML\" frameborder=\"0\" allow=\"accelerometer; autoplay; clipboard-write; encrypted-media; gyroscope; picture-in-picture; web-share\" referrerpolicy=\"strict-origin-when-cross-origin\" allowfullscreen><\/iframe><\/p>\n<p>In this lecture, <b>Mathilda Hofling<\/b> from ChildX will talk about the project <b>Identify several<\/b>. The project aims to prevent and detect sexual exploitation for remuneration among children and young people, with a special focus on children and young people with neuropsychiatric or intellectual disabilities. <\/p>\n<p>&nbsp;<\/p>\n<p><iframe loading=\"lazy\" title=\"Upps\u00f6kande arbete p\u00e5 n\u00e4tet f\u00f6r att hitta barn som uts\u00e4tts f\u00f6r sexuell exploatering, med Alltid Sedd\" width=\"500\" height=\"281\" src=\"https:\/\/www.youtube.com\/embed\/hFYpNRyeIpE?list=PLsJgFI6kgF6z3Fx022upoCHKU4QDyCUML\" frameborder=\"0\" allow=\"accelerometer; autoplay; clipboard-write; encrypted-media; gyroscope; picture-in-picture; web-share\" referrerpolicy=\"strict-origin-when-cross-origin\" allowfullscreen><\/iframe><\/p>\n<p><b>Alltid Sedd <\/b>is a non-profit organization that works online to offer support to children and young people aged 12 &#8211; 20 who are exposed or at risk of becoming involved in commercial sexual exploitation. In this lecture, <b>Hanna Melin<\/b> talks about what their work looks like. <\/p>\n<p>&nbsp;<\/p>\n<p><iframe loading=\"lazy\" title=\"Hur kan Snapchat anv\u00e4ndas f\u00f6r att uppt\u00e4cka och st\u00f6tta barn som uts\u00e4tts f\u00f6r sexuell exploatering?\" width=\"500\" height=\"281\" src=\"https:\/\/www.youtube.com\/embed\/an7L-Uh8YQ4?feature=oembed\" frameborder=\"0\" allow=\"accelerometer; autoplay; clipboard-write; encrypted-media; gyroscope; picture-in-picture; web-share\" referrerpolicy=\"strict-origin-when-cross-origin\" allowfullscreen><\/iframe><\/p>\n<p>In this lecture, <b>Moa Lindh<\/b> from <b>Nova House<\/b> will talk about how they use social media to find and support children who are victims of sexual exploitation.<\/p>\n<p>&nbsp;<\/p>\n<p><iframe loading=\"lazy\" title=\"Hur ser den svenska porrindustrin ut? Och hur uppt\u00e4cker och st\u00f6ttar vi de som uts\u00e4tts i den?\" width=\"500\" height=\"281\" src=\"https:\/\/www.youtube.com\/embed\/izqGYatxDBE?list=PLsJgFI6kgF6z3Fx022upoCHKU4QDyCUML\" frameborder=\"0\" allow=\"accelerometer; autoplay; clipboard-write; encrypted-media; gyroscope; picture-in-picture; web-share\" referrerpolicy=\"strict-origin-when-cross-origin\" allowfullscreen><\/iframe><\/p>\n<p><strong>Meghan Donavan<\/strong> is a PhD student at Ume\u00e5 University and research director at the organization <b>Talita<\/b>. She has researched the Swedish pornography industry and the women, men and children who are exposed to it. In this lecture, she talks about the results of her research and what is important for professionals to consider in order to detect and respond to people who are exploited in porn.  <\/p>\n<p>&nbsp;<\/p>\n<p><iframe loading=\"lazy\" title=\"Vad beh\u00f6ver barn som uts\u00e4tts f\u00f6r sexuell exploatering fr\u00e5n civilsamh\u00e4llet och det offentliga?\" width=\"500\" height=\"281\" src=\"https:\/\/www.youtube.com\/embed\/SgtbTfM92O4?list=PLsJgFI6kgF6z3Fx022upoCHKU4QDyCUML\" frameborder=\"0\" allow=\"accelerometer; autoplay; clipboard-write; encrypted-media; gyroscope; picture-in-picture; web-share\" referrerpolicy=\"strict-origin-when-cross-origin\" allowfullscreen><\/iframe><\/p>\n<p><b>Karin Johansson<\/b> and <b>Josefine Karlsson<\/b>, psychologists <b>at the Ellen Center,<\/b> share good examples of how civil society and the public sector can best work together to provide children who are victims of sexual exploitation with the best possible conditions for support and help.<\/p>\n<p>&nbsp;<\/p>\n<p><iframe loading=\"lazy\" title=\"The Spine Method: Using Tech to Fight Child Sexual Exploitation and Trafficking\" width=\"500\" height=\"281\" src=\"https:\/\/www.youtube.com\/embed\/FOdBuHddQ0o?list=PLsJgFI6kgF6z3Fx022upoCHKU4QDyCUML\" frameborder=\"0\" allow=\"accelerometer; autoplay; clipboard-write; encrypted-media; gyroscope; picture-in-picture; web-share\" referrerpolicy=\"strict-origin-when-cross-origin\" allowfullscreen><\/iframe><\/p>\n<p><strong>Elise Thoen<\/strong> presents the winners of the ChildX Award 2024: the Dutch organization Spine. <strong>Sebastiaan Landers<\/strong> and <strong>Johannes Dijkstra<\/strong> from <b>Spine<\/b> then lectures on how they fight human trafficking and child sexual exploitation by using online tools.<\/p>\n<p>&nbsp;<\/p>\n<p><iframe loading=\"lazy\" title=\"Hur ska vi uppt\u00e4cka och st\u00f6tta utsatta barn? - med J\u00e4mst\u00e4lldhetsministern och Barnombudsmannen\" width=\"500\" height=\"281\" src=\"https:\/\/www.youtube.com\/embed\/m_2UMeSpJV8?list=PLsJgFI6kgF6z3Fx022upoCHKU4QDyCUML\" frameborder=\"0\" allow=\"accelerometer; autoplay; clipboard-write; encrypted-media; gyroscope; picture-in-picture; web-share\" referrerpolicy=\"strict-origin-when-cross-origin\" allowfullscreen><\/iframe><\/p>\n<p>A discussion on what reforms and initiatives are planned to improve detection and support for children exposed to commercial sexual exploitation. Participants include Sweden&#8217;s Minister for Gender Equality<b> Paulina Brandberg<\/b>, Children&#8217;s Ombudsman <b>Juno Blom<\/b>, ChildX President <strong>Jacob Fl\u00e4rdh<\/strong> and Secretary General of 1000 Possibilities <strong>Zandra Kanakaris.<\/strong> <\/p>\n<\/section>\n","protected":false},"excerpt":{"rendered":"","protected":false},"author":1,"featured_media":0,"parent":0,"menu_order":0,"comment_status":"closed","ping_status":"closed","template":"","meta":{"_acf_changed":false,"footnotes":""},"class_list":["post-1413","page","type-page","status-publish","hentry"],"acf":[],"yoast_head":"<!-- This site is optimized with the Yoast SEO plugin v27.4 - https:\/\/yoast.com\/product\/yoast-seo-wordpress\/ -->\n<title>Conference 2024 - childx<\/title>\n<meta name=\"robots\" content=\"index, follow, max-snippet:-1, max-image-preview:large, max-video-preview:-1\" \/>\n<link rel=\"canonical\" href=\"https:\/\/childx.se\/en\/conference-2024\/\" \/>\n<meta property=\"og:locale\" content=\"en_US\" \/>\n<meta property=\"og:type\" content=\"article\" \/>\n<meta property=\"og:title\" content=\"Conference 2024 - childx\" \/>\n<meta property=\"og:url\" content=\"https:\/\/childx.se\/en\/conference-2024\/\" \/>\n<meta property=\"og:site_name\" content=\"childx\" \/>\n<meta property=\"article:modified_time\" content=\"2025-04-16T07:56:13+00:00\" \/>\n<meta name=\"twitter:card\" content=\"summary_large_image\" \/>\n<script type=\"application\/ld+json\" class=\"yoast-schema-graph\">{\"@context\":\"https:\\\/\\\/schema.org\",\"@graph\":[{\"@type\":\"WebPage\",\"@id\":\"https:\\\/\\\/childx.se\\\/en\\\/conference-2024\\\/\",\"url\":\"https:\\\/\\\/childx.se\\\/en\\\/conference-2024\\\/\",\"name\":\"Conference 2024 - childx\",\"isPartOf\":{\"@id\":\"https:\\\/\\\/childx.se\\\/en\\\/#website\"},\"datePublished\":\"2025-04-09T13:22:06+00:00\",\"dateModified\":\"2025-04-16T07:56:13+00:00\",\"breadcrumb\":{\"@id\":\"https:\\\/\\\/childx.se\\\/en\\\/conference-2024\\\/#breadcrumb\"},\"inLanguage\":\"en-US\",\"potentialAction\":[{\"@type\":\"ReadAction\",\"target\":[\"https:\\\/\\\/childx.se\\\/en\\\/conference-2024\\\/\"]}]},{\"@type\":\"BreadcrumbList\",\"@id\":\"https:\\\/\\\/childx.se\\\/en\\\/conference-2024\\\/#breadcrumb\",\"itemListElement\":[{\"@type\":\"ListItem\",\"position\":1,\"name\":\"Home\",\"item\":\"https:\\\/\\\/childx.se\\\/en\\\/\"},{\"@type\":\"ListItem\",\"position\":2,\"name\":\"Conference 2024\"}]},{\"@type\":\"WebSite\",\"@id\":\"https:\\\/\\\/childx.se\\\/en\\\/#website\",\"url\":\"https:\\\/\\\/childx.se\\\/en\\\/\",\"name\":\"childx\",\"description\":\"\",\"potentialAction\":[{\"@type\":\"SearchAction\",\"target\":{\"@type\":\"EntryPoint\",\"urlTemplate\":\"https:\\\/\\\/childx.se\\\/en\\\/?s={search_term_string}\"},\"query-input\":{\"@type\":\"PropertyValueSpecification\",\"valueRequired\":true,\"valueName\":\"search_term_string\"}}],\"inLanguage\":\"en-US\"}]}<\/script>\n<!-- \/ Yoast SEO plugin. -->","yoast_head_json":{"title":"Conference 2024 - childx","robots":{"index":"index","follow":"follow","max-snippet":"max-snippet:-1","max-image-preview":"max-image-preview:large","max-video-preview":"max-video-preview:-1"},"canonical":"https:\/\/childx.se\/en\/conference-2024\/","og_locale":"en_US","og_type":"article","og_title":"Conference 2024 - childx","og_url":"https:\/\/childx.se\/en\/conference-2024\/","og_site_name":"childx","article_modified_time":"2025-04-16T07:56:13+00:00","twitter_card":"summary_large_image","schema":{"@context":"https:\/\/schema.org","@graph":[{"@type":"WebPage","@id":"https:\/\/childx.se\/en\/conference-2024\/","url":"https:\/\/childx.se\/en\/conference-2024\/","name":"Conference 2024 - childx","isPartOf":{"@id":"https:\/\/childx.se\/en\/#website"},"datePublished":"2025-04-09T13:22:06+00:00","dateModified":"2025-04-16T07:56:13+00:00","breadcrumb":{"@id":"https:\/\/childx.se\/en\/conference-2024\/#breadcrumb"},"inLanguage":"en-US","potentialAction":[{"@type":"ReadAction","target":["https:\/\/childx.se\/en\/conference-2024\/"]}]},{"@type":"BreadcrumbList","@id":"https:\/\/childx.se\/en\/conference-2024\/#breadcrumb","itemListElement":[{"@type":"ListItem","position":1,"name":"Home","item":"https:\/\/childx.se\/en\/"},{"@type":"ListItem","position":2,"name":"Conference 2024"}]},{"@type":"WebSite","@id":"https:\/\/childx.se\/en\/#website","url":"https:\/\/childx.se\/en\/","name":"childx","description":"","potentialAction":[{"@type":"SearchAction","target":{"@type":"EntryPoint","urlTemplate":"https:\/\/childx.se\/en\/?s={search_term_string}"},"query-input":{"@type":"PropertyValueSpecification","valueRequired":true,"valueName":"search_term_string"}}],"inLanguage":"en-US"}]}},"_links":{"self":[{"href":"https:\/\/childx.se\/en\/wp-json\/wp\/v2\/pages\/1413","targetHints":{"allow":["GET"]}}],"collection":[{"href":"https:\/\/childx.se\/en\/wp-json\/wp\/v2\/pages"}],"about":[{"href":"https:\/\/childx.se\/en\/wp-json\/wp\/v2\/types\/page"}],"author":[{"embeddable":true,"href":"https:\/\/childx.se\/en\/wp-json\/wp\/v2\/users\/1"}],"replies":[{"embeddable":true,"href":"https:\/\/childx.se\/en\/wp-json\/wp\/v2\/comments?post=1413"}],"version-history":[{"count":1,"href":"https:\/\/childx.se\/en\/wp-json\/wp\/v2\/pages\/1413\/revisions"}],"predecessor-version":[{"id":1414,"href":"https:\/\/childx.se\/en\/wp-json\/wp\/v2\/pages\/1413\/revisions\/1414"}],"wp:attachment":[{"href":"https:\/\/childx.se\/en\/wp-json\/wp\/v2\/media?parent=1413"}],"curies":[{"name":"wp","href":"https:\/\/api.w.org\/{rel}","templated":true}]}}