{"id":1383,"date":"2023-07-28T16:12:00","date_gmt":"2023-07-28T16:12:00","guid":{"rendered":"https:\/\/childx.se\/places\/"},"modified":"2025-04-16T07:48:25","modified_gmt":"2025-04-16T07:48:25","slug":"places","status":"publish","type":"page","link":"https:\/\/childx.se\/en\/places\/","title":{"rendered":"Places"},"content":{"rendered":"<section class=\"relative mb-10 min-h-[200px] container-wrapper max-h-[500px] h-[60vw]\">\n                    <picture class=\"w-full brightness-50 h-full\"><img loading=\"lazy\" decoding=\"async\" src=\"https:\/\/images.ohmyhosting.se\/OhlavuFwXUThH6IpLddYQYAiUqs=\/1920x1280\/smart\/filters:quality(85)\/https%3A%2F%2Fchildx.se%2Fwp-content%2Fuploads%2F2025%2F04%2Fstartsida.jpg\" srcset=\"https:\/\/images.ohmyhosting.se\/OhlavuFwXUThH6IpLddYQYAiUqs=\/1920x1280\/smart\/filters:quality(85)\/https%3A%2F%2Fchildx.se%2Fwp-content%2Fuploads%2F2025%2F04%2Fstartsida.jpg 1x, https:\/\/images.ohmyhosting.se\/uCfw2ZX4xxrTRl4sUT1GHQkuoMI=\/3840x2560\/smart\/filters:quality(85)\/https%3A%2F%2Fchildx.se%2Fwp-content%2Fuploads%2F2025%2F04%2Fstartsida.jpg 2x\" alt=\"\" class=\"w-full absolute inset-0 object-cover object-center h-full w-full\" height=\"1280\" width=\"1920\" \/><\/picture>\n                        <div class=\"absolute flex items-end pt-6 inset-0 container-wrapper content-wrapper pb-6\">\n\n            <h1 class=\"px-2 uppercase font-childx text-4xl md:text-6xl text-white\">Places<\/h1>\n        <\/div>\n    <\/section><section class=\"content-wrapper container-wrapper wysiwyg-content\"><p>The campaign is exposed on large signs at Stureplan, Slussen (Katarinahissen), T-centralen and on the way to Arlanda.<\/p>\n<p>In addition to these signs, we have ground stickers where you can physically test the QR code in about 60 locations around the country. The locations are listed below. <\/p>\n<p><a href=\"https:\/\/childx.se\/wp-content\/uploads\/2025\/04\/testa-qr-koden-har-2.png\" target=\"_blank\" rel=\"noopener\"><img loading=\"lazy\" decoding=\"async\" class=\"alignleft size-medium wp-image-467\" src=\"https:\/\/childx.se\/wp-content\/uploads\/2025\/04\/testa-qr-koden-har-2-300x300.png\" alt=\"\" width=\"300\" height=\"300\" srcset=\"https:\/\/childx.se\/wp-content\/uploads\/2025\/04\/testa-qr-koden-har-2-300x300.png 300w, https:\/\/childx.se\/wp-content\/uploads\/2025\/04\/testa-qr-koden-har-2-1024x1024.png 1024w, https:\/\/childx.se\/wp-content\/uploads\/2025\/04\/testa-qr-koden-har-2-150x150.png 150w, https:\/\/childx.se\/wp-content\/uploads\/2025\/04\/testa-qr-koden-har-2-768x768.png 768w, https:\/\/childx.se\/wp-content\/uploads\/2025\/04\/testa-qr-koden-har-2-1536x1536.png 1536w, https:\/\/childx.se\/wp-content\/uploads\/2025\/04\/testa-qr-koden-har-2-2048x2048.png 2048w\" sizes=\"(max-width: 300px) 100vw, 300px\" \/><\/a><\/p>\n<p><strong>The Body Shop stores in:<\/strong><br \/>\nBergvik<br \/>\nBorl\u00e4nge\/Kupolen<br \/>\nFalun<br \/>\nHalmstad<br \/>\nKarlskrona<br \/>\nKarlstad<br \/>\nKung\u00e4lv<br \/>\nTorp<br \/>\nUme\u00e5<br \/>\nUme\u00e5 Avion<br \/>\nVisby<br \/>\nV\u00e4ster\u00e5s &#8211; Erikslund<br \/>\nBarkarby Outlet<br \/>\nBromma Blocks<br \/>\nEskilstuna<br \/>\nEskilstuna &#8211; Tuna Park<br \/>\nFarsta<br \/>\nGbg 1 &#8211; Kungsportsplatsen<br \/>\nGbg 2 &#8211; Nordstan<br \/>\nGbg 3 &#8211; Centralhuset<br \/>\nGbg 4 &#8211; Fredsgatan<br \/>\nG\u00e4vle<br \/>\nLidk\u00f6ping<br \/>\nLiljeholmstorget<br \/>\nLink\u00f6ping<br \/>\nLink\u00f6ping &#8211; i-Huset<br \/>\nLund &#8211; Lilla Fiskareg.<br \/>\nLund &#8211; Nova Lund<br \/>\nMall of Scandinavia<br \/>\nMalm\u00f6 &#8211; Hansa<br \/>\nMalm\u00f6 &#8211; Emporia<br \/>\nMalm\u00f6 &#8211; Mobilia<br \/>\nMalm\u00f6 &#8211; S\u00f6dra F\u00f6rstadsg.<br \/>\nMalm\u00f6 &#8211; Triangeln<br \/>\nNacka<br \/>\nNorrk\u00f6ping &#8211; Drottningg.<br \/>\nSk\u00e4rholmen<br \/>\nSollentuna<br \/>\nSthlm &#8211; Drottninggatan<br \/>\nSthlm &#8211; F\u00e4lt\u00f6versten<br \/>\nSthlm &#8211; Gallerian<br \/>\nSthlm &#8211; G\u00f6tgatan<br \/>\nSthlm &#8211; Rings<br \/>\nSthlm &#8211; Sturegallerian<br \/>\nSthlm &#8211; V\u00e4stermalm<br \/>\nT\u00e4by<br \/>\nUppsala &#8211; Forum Kvarteret<br \/>\nValbo<br \/>\nV\u00e4stra Fr\u00f6lunda<br \/>\nV\u00e4llingby<br \/>\n\u00d6stg\u00f6tagatan 100<\/p>\n<p><strong>As well as:<\/strong><br \/>\nHotell Borgholm, Borgholm<br \/>\nHotell Botanika, Uppsala<\/p>\n<p><strong>From Aug. 7, the following will be added:<br \/>\n<\/strong>Kungstr\u00e4dg\u00e5rden<br \/>\nTj\u00f6rnbro Arena, Myggen\u00e4s<\/p>\n<p>As you can see it is empty above Ume\u00e5. Please contact <a href=\"mailto:ida@childx.se\">ida@childx.se<\/a> if you have access to a public place where our decal can sit and we will send you one. <\/p>\n<\/section>\n","protected":false},"excerpt":{"rendered":"","protected":false},"author":1,"featured_media":0,"parent":0,"menu_order":0,"comment_status":"closed","ping_status":"closed","template":"","meta":{"_acf_changed":false,"footnotes":""},"class_list":["post-1383","page","type-page","status-publish","hentry"],"acf":[],"yoast_head":"<!-- This site is optimized with the Yoast SEO plugin v27.4 - https:\/\/yoast.com\/product\/yoast-seo-wordpress\/ -->\n<title>Places - childx<\/title>\n<meta name=\"robots\" content=\"index, follow, max-snippet:-1, max-image-preview:large, max-video-preview:-1\" \/>\n<link rel=\"canonical\" href=\"https:\/\/childx.se\/en\/places\/\" \/>\n<meta property=\"og:locale\" content=\"en_US\" \/>\n<meta property=\"og:type\" content=\"article\" \/>\n<meta property=\"og:title\" content=\"Places - childx\" \/>\n<meta property=\"og:url\" content=\"https:\/\/childx.se\/en\/places\/\" \/>\n<meta property=\"og:site_name\" content=\"childx\" \/>\n<meta property=\"article:modified_time\" content=\"2025-04-16T07:48:25+00:00\" \/>\n<meta name=\"twitter:card\" content=\"summary_large_image\" \/>\n<script type=\"application\/ld+json\" class=\"yoast-schema-graph\">{\"@context\":\"https:\\\/\\\/schema.org\",\"@graph\":[{\"@type\":\"WebPage\",\"@id\":\"https:\\\/\\\/childx.se\\\/en\\\/places\\\/\",\"url\":\"https:\\\/\\\/childx.se\\\/en\\\/places\\\/\",\"name\":\"Places - childx\",\"isPartOf\":{\"@id\":\"https:\\\/\\\/childx.se\\\/en\\\/#website\"},\"datePublished\":\"2023-07-28T16:12:00+00:00\",\"dateModified\":\"2025-04-16T07:48:25+00:00\",\"breadcrumb\":{\"@id\":\"https:\\\/\\\/childx.se\\\/en\\\/places\\\/#breadcrumb\"},\"inLanguage\":\"en-US\",\"potentialAction\":[{\"@type\":\"ReadAction\",\"target\":[\"https:\\\/\\\/childx.se\\\/en\\\/places\\\/\"]}]},{\"@type\":\"BreadcrumbList\",\"@id\":\"https:\\\/\\\/childx.se\\\/en\\\/places\\\/#breadcrumb\",\"itemListElement\":[{\"@type\":\"ListItem\",\"position\":1,\"name\":\"Home\",\"item\":\"https:\\\/\\\/childx.se\\\/en\\\/\"},{\"@type\":\"ListItem\",\"position\":2,\"name\":\"Places\"}]},{\"@type\":\"WebSite\",\"@id\":\"https:\\\/\\\/childx.se\\\/en\\\/#website\",\"url\":\"https:\\\/\\\/childx.se\\\/en\\\/\",\"name\":\"childx\",\"description\":\"\",\"potentialAction\":[{\"@type\":\"SearchAction\",\"target\":{\"@type\":\"EntryPoint\",\"urlTemplate\":\"https:\\\/\\\/childx.se\\\/en\\\/?s={search_term_string}\"},\"query-input\":{\"@type\":\"PropertyValueSpecification\",\"valueRequired\":true,\"valueName\":\"search_term_string\"}}],\"inLanguage\":\"en-US\"}]}<\/script>\n<!-- \/ Yoast SEO plugin. -->","yoast_head_json":{"title":"Places - childx","robots":{"index":"index","follow":"follow","max-snippet":"max-snippet:-1","max-image-preview":"max-image-preview:large","max-video-preview":"max-video-preview:-1"},"canonical":"https:\/\/childx.se\/en\/places\/","og_locale":"en_US","og_type":"article","og_title":"Places - childx","og_url":"https:\/\/childx.se\/en\/places\/","og_site_name":"childx","article_modified_time":"2025-04-16T07:48:25+00:00","twitter_card":"summary_large_image","schema":{"@context":"https:\/\/schema.org","@graph":[{"@type":"WebPage","@id":"https:\/\/childx.se\/en\/places\/","url":"https:\/\/childx.se\/en\/places\/","name":"Places - childx","isPartOf":{"@id":"https:\/\/childx.se\/en\/#website"},"datePublished":"2023-07-28T16:12:00+00:00","dateModified":"2025-04-16T07:48:25+00:00","breadcrumb":{"@id":"https:\/\/childx.se\/en\/places\/#breadcrumb"},"inLanguage":"en-US","potentialAction":[{"@type":"ReadAction","target":["https:\/\/childx.se\/en\/places\/"]}]},{"@type":"BreadcrumbList","@id":"https:\/\/childx.se\/en\/places\/#breadcrumb","itemListElement":[{"@type":"ListItem","position":1,"name":"Home","item":"https:\/\/childx.se\/en\/"},{"@type":"ListItem","position":2,"name":"Places"}]},{"@type":"WebSite","@id":"https:\/\/childx.se\/en\/#website","url":"https:\/\/childx.se\/en\/","name":"childx","description":"","potentialAction":[{"@type":"SearchAction","target":{"@type":"EntryPoint","urlTemplate":"https:\/\/childx.se\/en\/?s={search_term_string}"},"query-input":{"@type":"PropertyValueSpecification","valueRequired":true,"valueName":"search_term_string"}}],"inLanguage":"en-US"}]}},"_links":{"self":[{"href":"https:\/\/childx.se\/en\/wp-json\/wp\/v2\/pages\/1383","targetHints":{"allow":["GET"]}}],"collection":[{"href":"https:\/\/childx.se\/en\/wp-json\/wp\/v2\/pages"}],"about":[{"href":"https:\/\/childx.se\/en\/wp-json\/wp\/v2\/types\/page"}],"author":[{"embeddable":true,"href":"https:\/\/childx.se\/en\/wp-json\/wp\/v2\/users\/1"}],"replies":[{"embeddable":true,"href":"https:\/\/childx.se\/en\/wp-json\/wp\/v2\/comments?post=1383"}],"version-history":[{"count":1,"href":"https:\/\/childx.se\/en\/wp-json\/wp\/v2\/pages\/1383\/revisions"}],"predecessor-version":[{"id":1384,"href":"https:\/\/childx.se\/en\/wp-json\/wp\/v2\/pages\/1383\/revisions\/1384"}],"wp:attachment":[{"href":"https:\/\/childx.se\/en\/wp-json\/wp\/v2\/media?parent=1383"}],"curies":[{"name":"wp","href":"https:\/\/api.w.org\/{rel}","templated":true}]}}